{"id":4048,"date":"2024-11-21T10:15:07","date_gmt":"2024-11-21T09:15:07","guid":{"rendered":"https:\/\/selenemolteno.com\/jersey-en-v-en-cotes-anglaises-en-mohair-et-soie-pour-femme\/"},"modified":"2025-11-19T16:44:38","modified_gmt":"2025-11-19T14:44:38","slug":"jersey-en-v-en-cotes-anglaises-en-mohair-et-soie-pour-femme","status":"publish","type":"product","link":"https:\/\/selenemolteno.com\/fr\/jersey-en-v-en-cotes-anglaises-en-mohair-et-soie-pour-femme\/","title":{"rendered":"Pull en c\u00f4te anglaise"},"content":{"rendered":"<p>Ce pull \u00e0 col en V transcende les codes classiques gr\u00e2ce \u00e0 l\u2019alliance d\u00e9licate du mohair et de la soie, sublim\u00e9e par le relief chaleureux du point de c\u00f4tes anglaises. Sa coupe en triangle invers\u00e9 lui conf\u00e8re une allure contemporaine. <\/p>\n<p>Tomb\u00e9 souple sur le haut du corps, manches amples et \u00e9paules tombantes. La taille, subtilement resserr\u00e9e, structure la silhouette. <\/p>\n","protected":false},"excerpt":{"rendered":"<p>Ce pull \u00e0 col en V transcende les codes classiques gr\u00e2ce \u00e0 l\u2019alliance d\u00e9licate du mohair et de la soie, sublim\u00e9e par le relief chaleureux du point de c\u00f4tes anglaises. Sa coupe en triangle invers\u00e9 lui conf\u00e8re une allure contemporaine. <\/p>\n<p>Tomb\u00e9 souple sur le haut du corps, manches amples et \u00e9paules tombantes. La taille, subtilement resserr\u00e9e, structure la silhouette. <\/p>\n","protected":false},"featured_media":4020,"template":"","meta":{"_acf_changed":false},"product_brand":[124],"product_cat":[129,128],"product_tag":[],"collection":[102],"class_list":{"0":"post-4048","1":"product","2":"type-product","3":"status-publish","4":"has-post-thumbnail","6":"product_brand-selene-molteno","7":"product_cat-mohair-silk-fr-2","8":"product_cat-timeless-collection-fr","9":"pa_collection-collection-intemporelle","10":"pa_color-ivoire-non-teint","11":"collection-collection-imtemporelle","13":"first","14":"instock","15":"shipping-taxable","16":"purchasable","17":"product-type-variable"},"acf":[],"_links":{"self":[{"href":"https:\/\/selenemolteno.com\/fr\/wp-json\/wp\/v2\/product\/4048","targetHints":{"allow":["GET"]}}],"collection":[{"href":"https:\/\/selenemolteno.com\/fr\/wp-json\/wp\/v2\/product"}],"about":[{"href":"https:\/\/selenemolteno.com\/fr\/wp-json\/wp\/v2\/types\/product"}],"version-history":[{"count":1,"href":"https:\/\/selenemolteno.com\/fr\/wp-json\/wp\/v2\/product\/4048\/revisions"}],"predecessor-version":[{"id":4225,"href":"https:\/\/selenemolteno.com\/fr\/wp-json\/wp\/v2\/product\/4048\/revisions\/4225"}],"wp:featuredmedia":[{"embeddable":true,"href":"https:\/\/selenemolteno.com\/fr\/wp-json\/wp\/v2\/media\/4020"}],"wp:attachment":[{"href":"https:\/\/selenemolteno.com\/fr\/wp-json\/wp\/v2\/media?parent=4048"}],"wp:term":[{"taxonomy":"product_brand","embeddable":true,"href":"https:\/\/selenemolteno.com\/fr\/wp-json\/wp\/v2\/product_brand?post=4048"},{"taxonomy":"product_cat","embeddable":true,"href":"https:\/\/selenemolteno.com\/fr\/wp-json\/wp\/v2\/product_cat?post=4048"},{"taxonomy":"product_tag","embeddable":true,"href":"https:\/\/selenemolteno.com\/fr\/wp-json\/wp\/v2\/product_tag?post=4048"},{"taxonomy":"collection","embeddable":true,"href":"https:\/\/selenemolteno.com\/fr\/wp-json\/wp\/v2\/collection?post=4048"}],"curies":[{"name":"wp","href":"https:\/\/api.w.org\/{rel}","templated":true}]}}